{"id":1287,"date":"2019-11-28T15:02:26","date_gmt":"2019-11-28T15:02:26","guid":{"rendered":"http:\/\/alerion-avocat.eliott-markus.digital\/desk-allemagne\/"},"modified":"2019-12-30T13:59:40","modified_gmt":"2019-12-30T13:59:40","slug":"desk-allemagne","status":"publish","type":"page","link":"https:\/\/www.alerionavocats.com\/es\/desk-allemagne\/","title":{"rendered":"German Desk"},"content":{"rendered":"<p>Alerion accompagne des entreprises allemandes ou germanophones dans leurs activit\u00e9s en France, ainsi que les filiales fran\u00e7aises de soci\u00e9t\u00e9s allemandes ou appartenant \u00e0 des groupes internationaux, tout comme des entreprises fran\u00e7aises qui souhaitent s\u2019\u00e9tablir sur le march\u00e9 allemand.<\/p>\n<p>Le German Desk est co-anim\u00e9 par <a href=\"http:\/\/www.alerion-avocat-paris.fr\/Nicola-KOMPF\">Nicola K\u00f6mpf<\/a> et <a href=\"http:\/\/www.alerion-avocat-paris.fr\/avocat-franco-allemand-paris\">Friedrich Niggemann<\/a>. <a href=\"http:\/\/www.alerion-avocat-paris.fr\/Nicola-KOMPF\">Nicola K\u00f6mpf<\/a> est doublement qualifi\u00e9e en tant qu\u2019avocat fran\u00e7ais et Rechtsanw\u00e4ltin , admises aux barreaux de Paris et Berlin, elle a une exp\u00e9rience de plus de 20 ans en mati\u00e8re de conseil d\u2019entreprises franco-allemandes. Inscrit aux barreaux de D\u00fcsseldorf et de Paris, avec sa formation dans les deux syst\u00e8mes de droit et sa longue exp\u00e9rience dans les relations franco-allemandes, <a href=\"http:\/\/www.alerion-avocat-paris.fr\/avocat-franco-allemand-paris\">Friedrich Niggemann<\/a> assiste, les clients dans leurs investissements, leurs relations commerciales et sociales ainsi que dans le contentieux devant les tribunaux \u00e9tatiques ou arbitraux fran\u00e7ais. L\u2019\u00e9quipe est soutenu par de jeunes collaborateurs ayant \u00e9galement suivis des cursus en droit franco-allemand.<\/p>\n<p>En outre, l\u2019\u00e9quipe franco-allemande peut faire appel \u00e0 tout moment aux autres d\u00e9partements sp\u00e9cialis\u00e9s d\u2019Al\u00e9rion afin de faire b\u00e9n\u00e9ficier ses clients de conseils et assistance tr\u00e8s pointus dans tous les domaines du droit des affaires et du contentieux. La double culture juridique des avocats du German Desk leur permet d\u2019identifier rapidement les diff\u00e9rences du droit fran\u00e7ais par rapport au droit allemand, et d\u2019aider les clients \u00e0 comprendre de mani\u00e8re efficace les sp\u00e9cificit\u00e9s du droit fran\u00e7ais pour leur prise de d\u00e9cision.<\/p>\n<p>Le German Desk travaille en outre  r\u00e9guli\u00e8rement et depuis longtemps avec des cabinets d\u2019avocats en Allemagne, Autriche et Suisse  qui pour la plus part ont des collaborateurs parlant le fran\u00e7ais, permettant ainsi le suivi des dossiers sur place.<\/p>\n","protected":false},"excerpt":{"rendered":"<p>Alerion accompagne des entreprises allemandes ou germanophones dans leurs activit\u00e9s en France, ainsi que les filiales fran\u00e7aises de soci\u00e9t\u00e9s allemandes ou appartenant \u00e0 des groupes internationaux, tout comme des entreprises fran\u00e7aises qui souhaitent s\u2019\u00e9tablir sur le march\u00e9 allemand. Le German Desk est co-anim\u00e9 par Nicola K\u00f6mpf et Friedrich Niggemann. Nicola K\u00f6mpf est doublement qualifi\u00e9e en [&hellip;]<\/p>\n","protected":false},"author":6,"featured_media":0,"parent":0,"menu_order":0,"comment_status":"closed","ping_status":"closed","template":"pages\/internal.php","meta":{"_acf_changed":false,"footnotes":""},"class_list":["post-1287","page","type-page","status-publish","hentry"],"acf":[],"yoast_head":"<!-- This site is optimized with the Yoast SEO plugin v27.1.1 - https:\/\/yoast.com\/product\/yoast-seo-wordpress\/ -->\n<title>German Desk - Alerion Avocats Paris<\/title>\n<meta name=\"robots\" content=\"index, follow, max-snippet:-1, max-image-preview:large, max-video-preview:-1\" \/>\n<link rel=\"canonical\" href=\"https:\/\/www.alerionavocats.com\/es\/desk-allemagne\/\" \/>\n<meta property=\"og:locale\" content=\"es_ES\" \/>\n<meta property=\"og:type\" content=\"article\" \/>\n<meta property=\"og:title\" content=\"German Desk - Alerion Avocats Paris\" \/>\n<meta property=\"og:description\" content=\"Alerion accompagne des entreprises allemandes ou germanophones dans leurs activit\u00e9s en France, ainsi que les filiales fran\u00e7aises de soci\u00e9t\u00e9s allemandes ou appartenant \u00e0 des groupes internationaux, tout comme des entreprises fran\u00e7aises qui souhaitent s\u2019\u00e9tablir sur le march\u00e9 allemand. Le German Desk est co-anim\u00e9 par Nicola K\u00f6mpf et Friedrich Niggemann. Nicola K\u00f6mpf est doublement qualifi\u00e9e en [&hellip;]\" \/>\n<meta property=\"og:url\" content=\"https:\/\/www.alerionavocats.com\/es\/desk-allemagne\/\" \/>\n<meta property=\"og:site_name\" content=\"Alerion Avocats Paris\" \/>\n<meta property=\"article:modified_time\" content=\"2019-12-30T13:59:40+00:00\" \/>\n<meta name=\"twitter:card\" content=\"summary_large_image\" \/>\n<meta name=\"twitter:label1\" content=\"Tiempo de lectura\" \/>\n\t<meta name=\"twitter:data1\" content=\"2 minutos\" \/>\n<script type=\"application\/ld+json\" class=\"yoast-schema-graph\">{\"@context\":\"https:\/\/schema.org\",\"@graph\":[{\"@type\":\"WebPage\",\"@id\":\"https:\/\/www.alerionavocats.com\/es\/desk-allemagne\/\",\"url\":\"https:\/\/www.alerionavocats.com\/es\/desk-allemagne\/\",\"name\":\"German Desk - Alerion Avocats Paris\",\"isPartOf\":{\"@id\":\"https:\/\/www.alerionavocats.com\/#website\"},\"datePublished\":\"2019-11-28T15:02:26+00:00\",\"dateModified\":\"2019-12-30T13:59:40+00:00\",\"breadcrumb\":{\"@id\":\"https:\/\/www.alerionavocats.com\/es\/desk-allemagne\/#breadcrumb\"},\"inLanguage\":\"es\",\"potentialAction\":[{\"@type\":\"ReadAction\",\"target\":[\"https:\/\/www.alerionavocats.com\/es\/desk-allemagne\/\"]}]},{\"@type\":\"BreadcrumbList\",\"@id\":\"https:\/\/www.alerionavocats.com\/es\/desk-allemagne\/#breadcrumb\",\"itemListElement\":[{\"@type\":\"ListItem\",\"position\":1,\"name\":\"Home\",\"item\":\"https:\/\/www.alerionavocats.com\/es\/\"},{\"@type\":\"ListItem\",\"position\":2,\"name\":\"German Desk\"}]},{\"@type\":\"WebSite\",\"@id\":\"https:\/\/www.alerionavocats.com\/#website\",\"url\":\"https:\/\/www.alerionavocats.com\/\",\"name\":\"Alerion Avocats Paris\",\"description\":\"Alerion Avocats Paris\",\"potentialAction\":[{\"@type\":\"SearchAction\",\"target\":{\"@type\":\"EntryPoint\",\"urlTemplate\":\"https:\/\/www.alerionavocats.com\/?s={search_term_string}\"},\"query-input\":{\"@type\":\"PropertyValueSpecification\",\"valueRequired\":true,\"valueName\":\"search_term_string\"}}],\"inLanguage\":\"es\"}]}<\/script>\n<!-- \/ Yoast SEO plugin. -->","yoast_head_json":{"title":"German Desk - Alerion Avocats Paris","robots":{"index":"index","follow":"follow","max-snippet":"max-snippet:-1","max-image-preview":"max-image-preview:large","max-video-preview":"max-video-preview:-1"},"canonical":"https:\/\/www.alerionavocats.com\/es\/desk-allemagne\/","og_locale":"es_ES","og_type":"article","og_title":"German Desk - Alerion Avocats Paris","og_description":"Alerion accompagne des entreprises allemandes ou germanophones dans leurs activit\u00e9s en France, ainsi que les filiales fran\u00e7aises de soci\u00e9t\u00e9s allemandes ou appartenant \u00e0 des groupes internationaux, tout comme des entreprises fran\u00e7aises qui souhaitent s\u2019\u00e9tablir sur le march\u00e9 allemand. Le German Desk est co-anim\u00e9 par Nicola K\u00f6mpf et Friedrich Niggemann. Nicola K\u00f6mpf est doublement qualifi\u00e9e en [&hellip;]","og_url":"https:\/\/www.alerionavocats.com\/es\/desk-allemagne\/","og_site_name":"Alerion Avocats Paris","article_modified_time":"2019-12-30T13:59:40+00:00","twitter_card":"summary_large_image","twitter_misc":{"Tiempo de lectura":"2 minutos"},"schema":{"@context":"https:\/\/schema.org","@graph":[{"@type":"WebPage","@id":"https:\/\/www.alerionavocats.com\/es\/desk-allemagne\/","url":"https:\/\/www.alerionavocats.com\/es\/desk-allemagne\/","name":"German Desk - Alerion Avocats Paris","isPartOf":{"@id":"https:\/\/www.alerionavocats.com\/#website"},"datePublished":"2019-11-28T15:02:26+00:00","dateModified":"2019-12-30T13:59:40+00:00","breadcrumb":{"@id":"https:\/\/www.alerionavocats.com\/es\/desk-allemagne\/#breadcrumb"},"inLanguage":"es","potentialAction":[{"@type":"ReadAction","target":["https:\/\/www.alerionavocats.com\/es\/desk-allemagne\/"]}]},{"@type":"BreadcrumbList","@id":"https:\/\/www.alerionavocats.com\/es\/desk-allemagne\/#breadcrumb","itemListElement":[{"@type":"ListItem","position":1,"name":"Home","item":"https:\/\/www.alerionavocats.com\/es\/"},{"@type":"ListItem","position":2,"name":"German Desk"}]},{"@type":"WebSite","@id":"https:\/\/www.alerionavocats.com\/#website","url":"https:\/\/www.alerionavocats.com\/","name":"Alerion Avocats Paris","description":"Alerion Avocats Paris","potentialAction":[{"@type":"SearchAction","target":{"@type":"EntryPoint","urlTemplate":"https:\/\/www.alerionavocats.com\/?s={search_term_string}"},"query-input":{"@type":"PropertyValueSpecification","valueRequired":true,"valueName":"search_term_string"}}],"inLanguage":"es"}]}},"_links":{"self":[{"href":"https:\/\/www.alerionavocats.com\/es\/wp-json\/wp\/v2\/pages\/1287","targetHints":{"allow":["GET"]}}],"collection":[{"href":"https:\/\/www.alerionavocats.com\/es\/wp-json\/wp\/v2\/pages"}],"about":[{"href":"https:\/\/www.alerionavocats.com\/es\/wp-json\/wp\/v2\/types\/page"}],"author":[{"embeddable":true,"href":"https:\/\/www.alerionavocats.com\/es\/wp-json\/wp\/v2\/users\/6"}],"replies":[{"embeddable":true,"href":"https:\/\/www.alerionavocats.com\/es\/wp-json\/wp\/v2\/comments?post=1287"}],"version-history":[{"count":1,"href":"https:\/\/www.alerionavocats.com\/es\/wp-json\/wp\/v2\/pages\/1287\/revisions"}],"predecessor-version":[{"id":2976,"href":"https:\/\/www.alerionavocats.com\/es\/wp-json\/wp\/v2\/pages\/1287\/revisions\/2976"}],"wp:attachment":[{"href":"https:\/\/www.alerionavocats.com\/es\/wp-json\/wp\/v2\/media?parent=1287"}],"curies":[{"name":"wp","href":"https:\/\/api.w.org\/{rel}","templated":true}]}}