{"id":842,"date":"2019-09-26T13:46:05","date_gmt":"2019-09-26T13:46:05","guid":{"rendered":"http:\/\/alerion-avocat.eliott-markus.digital\/politiques-de-confidentialites\/"},"modified":"2024-08-29T12:47:34","modified_gmt":"2024-08-29T12:47:34","slug":"politiques-de-confidentialites","status":"publish","type":"page","link":"https:\/\/www.alerionavocats.com\/de\/politiques-de-confidentialites\/","title":{"rendered":"DATENSCHUTZRICHTLINIEN"},"content":{"rendered":"<p>Am August 2024 online gestellte Fassung<\/p>\n<p>Als Verantwortlicher f\u00fcr die Verarbeitung legt Alerion besonderen Wert auf den Schutz Ihrer personenbezogenen Daten (nachfolgend \u201ePersonenbezogene Daten\u201c oder \u201eDaten\u201c), so wie diese in der Verordnung (EU) 2016\/679 \u00fcber den Schutz personenbezogener Daten und in der ge\u00e4nderten Fassung des franz\u00f6sischen Datenschutzgesetzes \u201eInformatique et Libert\u00e9s\u201c Nr. 78-17 vom 6. Januar 1978 (nachfolgend gemeinsam die Datenschutzvorschriften) definiert sind.<\/p>\n<p>Ziel der vorliegenden Datenschutzrichtlinien ist es, klar zu erl\u00e4utern, wie Alerion Ihre Personenbezogenen Daten erhebt, speichert, nutzt und verbreitet, wenn Sie die Website, die insbesondere \u00fcber die Webadresse https:\/\/www.alerionavocats.com\/ zug\u00e4nglich ist (die \u201eWebsite\u201c), aufrufen und\/oder wenn Sie die auf der Website angebotenen Leistungen oder Informationen erhalten m\u00f6chten (die \u201eLeistungen\u201c).<\/p>\n<p>Die vorliegende Datenschutzpolitik wird gegebenenfalls durch unsere Allgemeinen Gesch\u00e4ftsbedingungen erg\u00e4nzt, die den Honorarvereinbarungen von Alerion beigef\u00fcgt sind, sowie durch die Informationen in unseren Datenerfassungsformularen.<\/p>\n<p>Mit der Nutzung der Website erkl\u00e4ren Sie sich mit den vorliegenden Datenschutzrichtlinien einverstanden.<\/p>\n<h5>Von Ihnen mitgeteilte Personenbezogene Daten<\/h5>\n<p>Damit Sie die von Alerion auf verschiedenen Seiten der Website angebotenen Leistungen nutzen k\u00f6nnen, muss Alerion, direkt oder indirekt, folgende Daten erheben, die f\u00fcr die Durchf\u00fchrung dieser Leistungen unbedingt notwendig sind:<\/p>\n<p>\u2022 Formular \u201eBewerbung\u201c: Name, Vorname, Ihre E-Mail-Adresse, Ihre Telefonnummer, die m\u00f6glicherweise in Ihrer Nachricht mitgeteilten Personenbezogenen Daten sowie ein Lebenslauf und, gegebenenfalls, ein Bewerbungsschreiben in geeignetem Format.<\/p>\n<p>\u2022 Formular \u201eKontaktieren Sie uns\u201c: Name, Vorname, E-Mail-Adresse, Telefonnummer und die m\u00f6glicherweise in Ihrer Nachricht mitgeteilten Personenbezogenen Daten.<\/p>\n<p>Hinweis: Wenn Sie das Formular \u201eKontaktieren Sie uns\u201c nutzen, mit dem Sie uns Anfragen \u00fcbermitteln k\u00f6nnen, sollten Sie es vermeiden, vertrauliche Informationen zu \u00fcbermitteln. Denn sofern Sie kein Kunde von Alerion sind, besteht die Gefahr, dass diese Informationen nicht der beruflichen Schweigepflicht unterliegen und dass sie m\u00f6glicherweise Dritten mitgeteilt werden.<\/p>\n<p>Sollten diese Informationen nicht \u00fcbermittelt werden, ist Alerion nicht in der Lage, die Leistungen zu erbringen, die Sie erhalten m\u00f6chten. Allerdings ist es nicht zwingend notwendig, Personenbezogene Daten zu \u00fcbermitteln, um die einzelnen Seiten der Website aufzurufen und anzusehen.<\/p>\n<p>Dar\u00fcber hinaus sammelt Alerion beim Aufruf der Website unter Umst\u00e4nden bestimmte Daten anhand von Cookies, die auf Ihrem Endger\u00e4t gespeichert werden. Die Modalit\u00e4ten der Erhebung finden Sie hier:<\/p>\n<p><a href=\"http:\/\/alerion-avocat.eliott-markus.digital\/de\/politique-de-gestion-des-cookies\/\"> [Link einf\u00fcgen zu \u201eCookies\u201c]<\/a>.<\/p>\n<h5>Verwendung und Verarbeitung Ihrer Daten<\/h5>\n<p>Rechtsgrundlagen f\u00fcr die Erhebung und die Verarbeitung der Daten<\/p>\n<p>Generell nutzt Alerion Ihre Personenbezogenen Daten allein auf der Basis folgender Rechtsgrundlagen:<\/p>\n<p>\u2022 Die Verarbeitung ist notwendig f\u00fcr die Erbringung der auf der Webseite angebotenen Leistungen.<\/p>\n<p>\u2022 Die Verarbeitung ist notwendig, damit eine f\u00fcr Alerion geltende gesetzliche Verpflichtung oder Vorschrift erf\u00fcllt werden kann.<\/p>\n<p>\u2022 Die Verarbeitung ist notwendig f\u00fcr die von Alerion oder einem Dritten verfolgten rechtm\u00e4\u00dfigen Interessen, soweit dies nicht gegen Ihre eigenen Interessen, Freiheiten und Grundrechte verst\u00f6\u00dft.<\/p>\n<h5>Zwecke der Datenerhebung<\/h5>\n<p>Die von uns erhobenen Personenbezogenen Daten sind notwendig f\u00fcr die Erbringung der von Alerion auf der Website angebotenen Leistungen, insbesondere f\u00fcr die Durchf\u00fchrung folgender Ziele und Zwecke:<\/p>\n<p>\u2022 Verwaltung der Mitteilungen der Kanzlei,<\/p>\n<p>\u2022 Verwaltung der Anmeldungen f\u00fcr Veranstaltungen, die von der Kanzlei organisiert werden,<\/p>\n<p>\u2022 Verwaltung von Kontakten (Kunden, Interessenten, Partner, Lieferanten, berufliche Netzwerke),<\/p>\n<p>\u2022 Verwaltung der KYC-Verfahren (\u201eKnow Your Customer\u201c) im Rahmen der Vorschriften zur Bek\u00e4mpfung der Geldw\u00e4sche und der Terrorismusfinanzierung,<\/p>\n<p>\u2022 Verwaltung der Bewerbungen (Formular \u201eBewerbung\u201c) und Verwaltung der Einstellung von Mitarbeitern \u00fcber die Website,<\/p>\n<p>\u2022 Verarbeitung Ihrer Anfragen \u00fcber die Website (Formular \u201eKontaktieren Sie uns\u201c),<\/p>\n<p>\u2022 Verbesserung der Inhalte und der Website-Navigation.<\/p>\n<h5>Empf\u00e4nger Ihrer Daten<\/h5>\n<p>Die erhobenen Daten sind ausschlie\u00dflich f\u00fcr Alerion bestimmt. Empf\u00e4nger der Daten sind die Besch\u00e4ftigten von Alerion, die aufgrund Ihres Aufgabenbereiches befugt sind, diese Daten zu verarbeiten (f\u00fcr die Kommunikation und die Einstellung von Mitarbeitern zust\u00e4ndige Personen und Datenschutzbeauftragter), und\/oder die Anw\u00e4lte, an die die auf der Website gestellten Anfragen gerichtet sind, und deren Teams.<\/p>\n<p>Die erhobenen Personenbezogenen Daten k\u00f6nnen jedoch an Dritte \u00fcbermittelt werden, die vertraglich mit Alerion im Rahmen der Erbringung von beauftragten Leistungen und\/oder Leistungen, die f\u00fcr die Erbringung der Leistungen notwendig sind, verbunden sind (etwa Dienstleister, die f\u00fcr die externe Kommunikation von Alerion zust\u00e4ndig sind). Bevor Informationen \u00fcbermittelt werden, pr\u00fcfen wir die \u00dcbereinstimmung des Zwecks jeder Anfrage und garantieren, dass nur die Elemente \u00fcbermittelt werden, die f\u00fcr die Erbringung der Leistungen durch den Dienstleister erforderlich sind.<\/p>\n<p>Aktuell sind dies folgende Dienstleister:<\/p>\n<p>\u2022 Webmaster der Website<\/p>\n<p>\u2022 Webhoster<\/p>\n<p>\u2022 MailChimp<\/p>\n<p>\u2022 Sarbacane<\/p>\n<p>\u2022 Anaba<\/p>\n<p>\u2022 Matomo (selbstgehostete L\u00f6sung).<\/p>\n<p>Diesbez\u00fcglich wird darauf hingewiesen, dass Dritte nur begrenzten Zugriff auf die Daten erhalten, die f\u00fcr die Erbringung ihrer Leistungen notwendig sind, und verpflichtet sind, diese in \u00dcbereinstimmung mit den Datenschutzvorschriften zu nutzen.<\/p>\n<p>Auf keinen Fall \u00fcbertr\u00e4gt, verkauft oder vermietet Alerion die erhobenen Daten an Dritte, weder entgeltlich noch unentgeltlich.<\/p>\n<p>Dar\u00fcber hinaus k\u00f6nnte Alerion in den F\u00e4llen, in denen die gesetzlichen Vorschriften dies vorsehen oder erlauben, insbesondere aufgrund einer gerichtlichen Entscheidung oder jeder anderen rechtm\u00e4\u00dfigen Anfrage oder Anforderung, veranlasst sein, diese Daten an Dritte zu \u00fcbermitteln.<\/p>\n<h5>\u00dcbermittlung Ihrer Daten<\/h5>\n<p>Die Website wird auf Servern gehostet, die sich auf dem Gebiet der Europ\u00e4ischen Union befinden.<\/p>\n<p>Alerion speichert die Personenbezogenen Daten auf sicheren Servern, die sich auf dem Gebiet der Europ\u00e4ischen Union befinden.<\/p>\n<p>Sollten die erhobenen Daten an Unternehmen \u00fcbermittelt werden, die ihren Sitz in den Vereinigten Staaten oder in L\u00e4ndern haben, die keinen angemessenen Schutz gew\u00e4hrleisten, verpflichtet sich Alerion, mit den betroffenen Empf\u00e4ngern Vertr\u00e4ge zu schlie\u00dfen, die einen angemessenen Schutz der \u00fcbermittelten Personenbezogenen Daten gew\u00e4hrleisten. Insbesondere k\u00f6nnen f\u00fcr diese \u00dcbermittlungen Standardvertragsklauseln gelten, die von der Europ\u00e4ischen Kommission gem\u00e4\u00df den geltenden Rechtsvorschriften validiert wurden.<\/p>\n<h5>Aufbewahrungsdauer<\/h5>\n<p>Alerion bewahrt diese Personenbezogenen Daten so lange auf, wie dies f\u00fcr die Durchf\u00fchrung der Leistungen und ganz allgemein f\u00fcr die vorgenannten Zwecke, f\u00fcr die sie erhoben wurden, unbedingt notwendig ist, vorbehaltlich der f\u00fcr Alerion geltenden gesetzlichen Pflichten zur Aufbewahrung bestimmter Daten oder rechtm\u00e4\u00dfiger M\u00f6glichkeiten zur Archivierung und Anonymisierung.<\/p>\n<p>Die notwendige Dauer der Aufbewahrung der Personenbezogenen Daten richtet sich nach der Menge, der Art und der Sensibilit\u00e4t dieser Daten, dem potenziellen Risiko von Sch\u00e4den bei betr\u00fcgerischer Nutzung oder Verbreitung, dem Ziel der Verarbeitung dieser Daten und danach, ob es m\u00f6glich ist, dieses Ziel mit anderen Mitteln zu erreichen, sowie nach den geltenden gesetzlichen Anforderungen.<\/p>\n<p>Nachfolgend eine \u00dcbersicht \u00fcber die Aufbewahrungsdauern von Daten. Um n\u00e4here Informationen zur Aufbewahrungsdauer Ihrer personenbezogenen Daten f\u00fcr einen bestimmten Zweck zu erhalten, m\u00f6chten wir Sie bitten, sich an folgende E-Mail-Adresse zu wenden: <strong>privacy@alerionavocats.com<\/strong>.<\/p>\n<p>Art der Daten : \u00dcber das Formular \u201eKontaktieren Sie uns\u201c erhobene Daten (Name, Vorname, E-Mail-Adresse, Telefonnummer, Nachricht)<\/p>\n<p>Aufbewahrungsdauer : Drei Jahre ab dem letzten Kontakt (Versand Ihrer letzten Anfrage)<\/p>\n<p>Art der Daten : \u00dcber das Formular \u201eBewerbung\u201c erhobene Daten (Name, Vorname, E-Mail-Adresse, Telefonnummer, Lebenslauf, Bewerbungsschreiben, Nachricht)<\/p>\n<p>Aufbewahrungsdauer : Zwei Jahre ab dem letzten Kontakt mit dem Bewerber<\/p>\n<p>Nach Ablauf dieser Frist kann Alerion die Personenbezogenen Daten, die f\u00fcr die Aus\u00fcbung eines Rechts und den Nachweis dieses Rechts notwendig sind, im Rahmen der anwendbaren Verj\u00e4hrungsfrist aufbewahren; nach Ablauf dieser Frist werden die betroffenen Personenbezogenen Daten gel\u00f6scht.<\/p>\n<p>Datenschutzbeauftragter<\/p>\n<p>Alerion hat einen Datenschutzbeauftragten (DPO) bestellt, dessen Kontaktdaten Sie nachstehend im Absatz \u201eKontakt\u201c am Ende des vorliegenden Textes finden.<\/p>\n<h5>Sicherheit<\/h5>\n<p>Alerion f\u00fchrt die Ma\u00dfnahmen durch, die notwendig sind, um die von Alerion verarbeiteten Personenbezogenen Daten zu sch\u00fctzen. Ihre Daten werden elektronisch und\/oder manuell verarbeitet, auf jeden Fall jedoch in einer Weise, die \u2013 mit Blick auf die Sensibilit\u00e4t dieser Daten \u2013 die Sicherheit, den Schutz und die Vertraulichkeit anhand administrativer, technischer und physischer Ma\u00dfnahmen gew\u00e4hrleistet, die geeignet sind, die Daten vor Verlust und Diebstahl sowie unbefugter Benutzung oder \u00c4nderung zu sch\u00fctzen.<\/p>\n<p>Die \u201eelektronischen\u201c Daten werden in einem Netz mit begrenztem und stark eingeschr\u00e4nktem Zugriff aufbewahrt, das sich innerhalb der Europ\u00e4ischen Union befindet und dessen Server sicher sind.<\/p>\n<p>Daten auf \u201ePapier\u201c werden in sicheren R\u00e4umen von Alerion aufbewahrt oder von einem Archivierungsdienstleister archiviert, der alle Garantien in Bezug auf die Sicherheit und die Vertraulichkeit, die f\u00fcr den Schutz der personenbezogenen Daten notwendig sind, erf\u00fcllt.<\/p>\n<p>Der DPO und die Mitglieder von Alerion (Anw\u00e4lte und Mitarbeiter) unterliegen einer verst\u00e4rkten Sicherheitsverpflichtung und der beruflichen Schweigepflicht.<\/p>\n<h5>Ihre Rechte<\/h5>\n<p>Gem\u00e4\u00df den Artikeln 15 bis 22 der Datenschutz-Grundverordnung vom 27. April 2016 zum Schutz nat\u00fcrlicher Personen bei der Verarbeitung personenbezogener Daten und zum freien Datenverkehr (2016\/679) (\u201eDSGVO\u201c) hat jede betroffene nat\u00fcrliche Person, die ihre Identit\u00e4t nachweist, ein Recht auf Auskunft, Berichtigung, L\u00f6schung, Widerspruch und \u00dcbertragbarkeit der sie betreffenden Personenbezogenen Daten, das Recht auf Einschr\u00e4nkung der Verarbeitung sowie das Recht, \u00fcber den Verbleib dieser Daten nach dem Tod informiert zu werden. Diese Rechte k\u00f6nnen durch ein Schreiben an Alerion, 137 rue de l\u2019Universit\u00e9, 75007 PARIS oder eine E-Mail an privacy@alerionavocats.com ausge\u00fcbt werden.<\/p>\n<p>Jede Person, deren Personenbezogenen Daten von Alerion erhoben wurden, hat die M\u00f6glichkeit, die franz\u00f6sische Datenschutzkommission \u201eCommission nationale de l\u2019Informatique et des Libert\u00e9s\u201c anzurufen (deren Kontaktdaten unter https:\/\/www.cnil.fr\/fr\/vous-souhaitez-contacter-la-cnil zu finden sind), falls Alerion einer entsprechenden Anfrage nicht innerhalb von einem Monat nach dieser Anfrage nachgekommen ist. Nach vorheriger Information der betroffenen Person kann diese Frist aufgrund der Komplexit\u00e4t und der Anzahl der Anfragen um zwei Monate verl\u00e4ngert werden.<\/p>\n<p>Sollten Sie keine weiteren Mitteilungen von Alerion w\u00fcnschen oder sollten Sie w\u00fcnschen, dass Ihre Daten gel\u00f6scht werden, m\u00f6chten wir Sie bitten, eine E-Mail an: privacy@alerionavocats.com zu senden.<\/p>\n<h5>Links zu Websites Dritter<\/h5>\n<p>Die Website kann Links zu Websites Dritter enthalten, die eigene Datenschutzrichtlinien und Richtlinien f\u00fcr den Umgang mit Cookies, Nutzungsbedingungen und Sicherheitsma\u00dfnahmen haben, die sich von denen von Alerion unterscheiden k\u00f6nnen.<\/p>\n<p>Alerion kann nicht f\u00fcr den Inhalt und die Praxis dieser Websites haftbar gemacht werden. Daher empfehlen wir Ihnen, deren Datenschutzrichtlinien zu pr\u00fcfen, bevor Sie ihnen Informationen oder Sie betreffende Daten \u00fcbermitteln.<\/p>\n<h5>\u00c4nderung des Inhalts der Datenschutzrichtlinien<\/h5>\n<p>Die vorliegenden Datenschutzrichtlinien k\u00f6nnen sich \u00e4ndern, insbesondere aufgrund von \u00c4nderungen der rechtlichen Bestimmungen und Vorschriften. Gegebenenfalls werden die vorgenommenen \u00c4nderungen ab dem zu Beginn des vorliegenden Dokuments angegebenen Datum wirksam. Wenn Sie die Website nach diesem Datum weiter nutzen, erkl\u00e4ren Sie sich mit den vorgenommenen \u00c4nderungen einverstanden.<\/p>\n<p>Alerion fordert Sie auf, die Datenschutzrichtlinien jedes Mal aufzurufen, wenn Sie die Website nutzen, damit sie stets \u00fcber die praktischen Aspekte im Bereich der Information und die Mittel, die Sie nutzen k\u00f6nnen, um Ihr Privatleben zu sch\u00fctzen, informiert sind.<\/p>\n<h5>Kontakt<\/h5>\n<p>Weitere Informationen zu den vorliegenden Datenschutzrichtlinien von Alerion erhalten Sie unter folgenden E-Mail-Adressen:<\/p>\n<p>-Datenschutzbeauftragter: privacy@alerionavocats.com;<\/p>\n<p>-Verantwortlicher f\u00fcr die Verarbeitung: Alerion, 137 rue de l\u2019universit\u00e9, 75007 Paris, paris@alerionavocats.com.<\/p>\n","protected":false},"excerpt":{"rendered":"<p>Am August 2024 online gestellte Fassung Als Verantwortlicher f\u00fcr die Verarbeitung legt Alerion besonderen Wert auf den Schutz Ihrer personenbezogenen Daten (nachfolgend \u201ePersonenbezogene Daten\u201c oder \u201eDaten\u201c), so wie diese in der Verordnung (EU) 2016\/679 \u00fcber den Schutz personenbezogener Daten und in der ge\u00e4nderten Fassung des franz\u00f6sischen Datenschutzgesetzes \u201eInformatique et Libert\u00e9s\u201c Nr. 78-17 vom 6. Januar [&hellip;]<\/p>\n","protected":false},"author":6,"featured_media":0,"parent":0,"menu_order":0,"comment_status":"closed","ping_status":"closed","template":"pages\/internal.php","meta":{"_acf_changed":false,"footnotes":""},"class_list":["post-842","page","type-page","status-publish","hentry"],"acf":[],"yoast_head":"<!-- This site is optimized with the Yoast SEO plugin v27.3 - https:\/\/yoast.com\/product\/yoast-seo-wordpress\/ -->\n<title>DATENSCHUTZRICHTLINIEN - Alerion Avocats Paris<\/title>\n<meta name=\"robots\" content=\"index, follow, max-snippet:-1, max-image-preview:large, max-video-preview:-1\" \/>\n<link rel=\"canonical\" href=\"https:\/\/www.alerionavocats.com\/de\/politiques-de-confidentialites\/\" \/>\n<meta property=\"og:locale\" content=\"de_DE\" \/>\n<meta property=\"og:type\" content=\"article\" \/>\n<meta property=\"og:title\" content=\"DATENSCHUTZRICHTLINIEN - Alerion Avocats Paris\" \/>\n<meta property=\"og:description\" content=\"Am August 2024 online gestellte Fassung Als Verantwortlicher f\u00fcr die Verarbeitung legt Alerion besonderen Wert auf den Schutz Ihrer personenbezogenen Daten (nachfolgend \u201ePersonenbezogene Daten\u201c oder \u201eDaten\u201c), so wie diese in der Verordnung (EU) 2016\/679 \u00fcber den Schutz personenbezogener Daten und in der ge\u00e4nderten Fassung des franz\u00f6sischen Datenschutzgesetzes \u201eInformatique et Libert\u00e9s\u201c Nr. 78-17 vom 6. Januar [&hellip;]\" \/>\n<meta property=\"og:url\" content=\"https:\/\/www.alerionavocats.com\/de\/politiques-de-confidentialites\/\" \/>\n<meta property=\"og:site_name\" content=\"Alerion Avocats Paris\" \/>\n<meta property=\"article:modified_time\" content=\"2024-08-29T12:47:34+00:00\" \/>\n<meta name=\"twitter:card\" content=\"summary_large_image\" \/>\n<meta name=\"twitter:label1\" content=\"Gesch\u00e4tzte Lesezeit\" \/>\n\t<meta name=\"twitter:data1\" content=\"9\u00a0Minuten\" \/>\n<script type=\"application\/ld+json\" class=\"yoast-schema-graph\">{\"@context\":\"https:\\\/\\\/schema.org\",\"@graph\":[{\"@type\":\"WebPage\",\"@id\":\"https:\\\/\\\/www.alerionavocats.com\\\/de\\\/politiques-de-confidentialites\\\/\",\"url\":\"https:\\\/\\\/www.alerionavocats.com\\\/de\\\/politiques-de-confidentialites\\\/\",\"name\":\"DATENSCHUTZRICHTLINIEN - Alerion Avocats Paris\",\"isPartOf\":{\"@id\":\"https:\\\/\\\/www.alerionavocats.com\\\/#website\"},\"datePublished\":\"2019-09-26T13:46:05+00:00\",\"dateModified\":\"2024-08-29T12:47:34+00:00\",\"breadcrumb\":{\"@id\":\"https:\\\/\\\/www.alerionavocats.com\\\/de\\\/politiques-de-confidentialites\\\/#breadcrumb\"},\"inLanguage\":\"de\",\"potentialAction\":[{\"@type\":\"ReadAction\",\"target\":[\"https:\\\/\\\/www.alerionavocats.com\\\/de\\\/politiques-de-confidentialites\\\/\"]}]},{\"@type\":\"BreadcrumbList\",\"@id\":\"https:\\\/\\\/www.alerionavocats.com\\\/de\\\/politiques-de-confidentialites\\\/#breadcrumb\",\"itemListElement\":[{\"@type\":\"ListItem\",\"position\":1,\"name\":\"Home\",\"item\":\"https:\\\/\\\/www.alerionavocats.com\\\/de\\\/\"},{\"@type\":\"ListItem\",\"position\":2,\"name\":\"DATENSCHUTZRICHTLINIEN\"}]},{\"@type\":\"WebSite\",\"@id\":\"https:\\\/\\\/www.alerionavocats.com\\\/#website\",\"url\":\"https:\\\/\\\/www.alerionavocats.com\\\/\",\"name\":\"Alerion Avocats Paris\",\"description\":\"Alerion Avocats Paris\",\"potentialAction\":[{\"@type\":\"SearchAction\",\"target\":{\"@type\":\"EntryPoint\",\"urlTemplate\":\"https:\\\/\\\/www.alerionavocats.com\\\/?s={search_term_string}\"},\"query-input\":{\"@type\":\"PropertyValueSpecification\",\"valueRequired\":true,\"valueName\":\"search_term_string\"}}],\"inLanguage\":\"de\"}]}<\/script>\n<!-- \/ Yoast SEO plugin. -->","yoast_head_json":{"title":"DATENSCHUTZRICHTLINIEN - Alerion Avocats Paris","robots":{"index":"index","follow":"follow","max-snippet":"max-snippet:-1","max-image-preview":"max-image-preview:large","max-video-preview":"max-video-preview:-1"},"canonical":"https:\/\/www.alerionavocats.com\/de\/politiques-de-confidentialites\/","og_locale":"de_DE","og_type":"article","og_title":"DATENSCHUTZRICHTLINIEN - Alerion Avocats Paris","og_description":"Am August 2024 online gestellte Fassung Als Verantwortlicher f\u00fcr die Verarbeitung legt Alerion besonderen Wert auf den Schutz Ihrer personenbezogenen Daten (nachfolgend \u201ePersonenbezogene Daten\u201c oder \u201eDaten\u201c), so wie diese in der Verordnung (EU) 2016\/679 \u00fcber den Schutz personenbezogener Daten und in der ge\u00e4nderten Fassung des franz\u00f6sischen Datenschutzgesetzes \u201eInformatique et Libert\u00e9s\u201c Nr. 78-17 vom 6. Januar [&hellip;]","og_url":"https:\/\/www.alerionavocats.com\/de\/politiques-de-confidentialites\/","og_site_name":"Alerion Avocats Paris","article_modified_time":"2024-08-29T12:47:34+00:00","twitter_card":"summary_large_image","twitter_misc":{"Gesch\u00e4tzte Lesezeit":"9\u00a0Minuten"},"schema":{"@context":"https:\/\/schema.org","@graph":[{"@type":"WebPage","@id":"https:\/\/www.alerionavocats.com\/de\/politiques-de-confidentialites\/","url":"https:\/\/www.alerionavocats.com\/de\/politiques-de-confidentialites\/","name":"DATENSCHUTZRICHTLINIEN - Alerion Avocats Paris","isPartOf":{"@id":"https:\/\/www.alerionavocats.com\/#website"},"datePublished":"2019-09-26T13:46:05+00:00","dateModified":"2024-08-29T12:47:34+00:00","breadcrumb":{"@id":"https:\/\/www.alerionavocats.com\/de\/politiques-de-confidentialites\/#breadcrumb"},"inLanguage":"de","potentialAction":[{"@type":"ReadAction","target":["https:\/\/www.alerionavocats.com\/de\/politiques-de-confidentialites\/"]}]},{"@type":"BreadcrumbList","@id":"https:\/\/www.alerionavocats.com\/de\/politiques-de-confidentialites\/#breadcrumb","itemListElement":[{"@type":"ListItem","position":1,"name":"Home","item":"https:\/\/www.alerionavocats.com\/de\/"},{"@type":"ListItem","position":2,"name":"DATENSCHUTZRICHTLINIEN"}]},{"@type":"WebSite","@id":"https:\/\/www.alerionavocats.com\/#website","url":"https:\/\/www.alerionavocats.com\/","name":"Alerion Avocats Paris","description":"Alerion Avocats Paris","potentialAction":[{"@type":"SearchAction","target":{"@type":"EntryPoint","urlTemplate":"https:\/\/www.alerionavocats.com\/?s={search_term_string}"},"query-input":{"@type":"PropertyValueSpecification","valueRequired":true,"valueName":"search_term_string"}}],"inLanguage":"de"}]}},"_links":{"self":[{"href":"https:\/\/www.alerionavocats.com\/de\/wp-json\/wp\/v2\/pages\/842","targetHints":{"allow":["GET"]}}],"collection":[{"href":"https:\/\/www.alerionavocats.com\/de\/wp-json\/wp\/v2\/pages"}],"about":[{"href":"https:\/\/www.alerionavocats.com\/de\/wp-json\/wp\/v2\/types\/page"}],"author":[{"embeddable":true,"href":"https:\/\/www.alerionavocats.com\/de\/wp-json\/wp\/v2\/users\/6"}],"replies":[{"embeddable":true,"href":"https:\/\/www.alerionavocats.com\/de\/wp-json\/wp\/v2\/comments?post=842"}],"version-history":[{"count":11,"href":"https:\/\/www.alerionavocats.com\/de\/wp-json\/wp\/v2\/pages\/842\/revisions"}],"predecessor-version":[{"id":17308,"href":"https:\/\/www.alerionavocats.com\/de\/wp-json\/wp\/v2\/pages\/842\/revisions\/17308"}],"wp:attachment":[{"href":"https:\/\/www.alerionavocats.com\/de\/wp-json\/wp\/v2\/media?parent=842"}],"curies":[{"name":"wp","href":"https:\/\/api.w.org\/{rel}","templated":true}]}}