{"id":839,"date":"2019-09-26T13:02:37","date_gmt":"2019-09-26T13:02:37","guid":{"rendered":"http:\/\/alerion-avocat.eliott-markus.digital\/carrieres\/"},"modified":"2020-01-16T10:58:18","modified_gmt":"2020-01-16T10:58:18","slug":"karriere","status":"publish","type":"page","link":"https:\/\/www.alerionavocats.com\/de\/karriere\/","title":{"rendered":"karriere"},"content":{"rendered":"<h1>Kommen Sie zu Alerion<\/h1>\n<p>Wir von Alerion sind stets auf der Suche nach neuen Talenten, um unsere Kompetenzen breiter zu f\u00e4chern und unsere Teams zu verst\u00e4rken. <\/p>\n<p>Ob Sie Studierende oder junge Hochschulabsolventen sind, oder ob Sie solide Erfahrungen vorweisen k\u00f6nnen: Kommen Sie zu Alerion und werden Sie Teil unseres Teams! <\/p>\n","protected":false},"excerpt":{"rendered":"<p>Kommen Sie zu Alerion Wir von Alerion sind stets auf der Suche nach neuen Talenten, um unsere Kompetenzen breiter zu f\u00e4chern und unsere Teams zu verst\u00e4rken. Ob Sie Studierende oder junge Hochschulabsolventen sind, oder ob Sie solide Erfahrungen vorweisen k\u00f6nnen: Kommen Sie zu Alerion und werden Sie Teil unseres Teams!<\/p>\n","protected":false},"author":6,"featured_media":0,"parent":0,"menu_order":0,"comment_status":"closed","ping_status":"closed","template":"pages\/carriere.php","meta":{"_acf_changed":false,"footnotes":""},"class_list":["post-839","page","type-page","status-publish","hentry"],"acf":[],"yoast_head":"<!-- This site is optimized with the Yoast SEO plugin v27.1.1 - https:\/\/yoast.com\/product\/yoast-seo-wordpress\/ -->\n<title>karriere - Alerion Avocats Paris<\/title>\n<meta name=\"robots\" content=\"index, follow, max-snippet:-1, max-image-preview:large, max-video-preview:-1\" \/>\n<link rel=\"canonical\" href=\"https:\/\/www.alerionavocats.com\/de\/karriere\/\" \/>\n<meta property=\"og:locale\" content=\"de_DE\" \/>\n<meta property=\"og:type\" content=\"article\" \/>\n<meta property=\"og:title\" content=\"karriere - Alerion Avocats Paris\" \/>\n<meta property=\"og:description\" content=\"Kommen Sie zu Alerion Wir von Alerion sind stets auf der Suche nach neuen Talenten, um unsere Kompetenzen breiter zu f\u00e4chern und unsere Teams zu verst\u00e4rken. Ob Sie Studierende oder junge Hochschulabsolventen sind, oder ob Sie solide Erfahrungen vorweisen k\u00f6nnen: Kommen Sie zu Alerion und werden Sie Teil unseres Teams!\" \/>\n<meta property=\"og:url\" content=\"https:\/\/www.alerionavocats.com\/de\/karriere\/\" \/>\n<meta property=\"og:site_name\" content=\"Alerion Avocats Paris\" \/>\n<meta property=\"article:modified_time\" content=\"2020-01-16T10:58:18+00:00\" \/>\n<meta name=\"twitter:card\" content=\"summary_large_image\" \/>\n<script type=\"application\/ld+json\" class=\"yoast-schema-graph\">{\"@context\":\"https:\/\/schema.org\",\"@graph\":[{\"@type\":\"WebPage\",\"@id\":\"https:\/\/www.alerionavocats.com\/de\/karriere\/\",\"url\":\"https:\/\/www.alerionavocats.com\/de\/karriere\/\",\"name\":\"karriere - Alerion Avocats Paris\",\"isPartOf\":{\"@id\":\"https:\/\/www.alerionavocats.com\/#website\"},\"datePublished\":\"2019-09-26T13:02:37+00:00\",\"dateModified\":\"2020-01-16T10:58:18+00:00\",\"breadcrumb\":{\"@id\":\"https:\/\/www.alerionavocats.com\/de\/karriere\/#breadcrumb\"},\"inLanguage\":\"de\",\"potentialAction\":[{\"@type\":\"ReadAction\",\"target\":[\"https:\/\/www.alerionavocats.com\/de\/karriere\/\"]}]},{\"@type\":\"BreadcrumbList\",\"@id\":\"https:\/\/www.alerionavocats.com\/de\/karriere\/#breadcrumb\",\"itemListElement\":[{\"@type\":\"ListItem\",\"position\":1,\"name\":\"Home\",\"item\":\"https:\/\/www.alerionavocats.com\/de\/\"},{\"@type\":\"ListItem\",\"position\":2,\"name\":\"karriere\"}]},{\"@type\":\"WebSite\",\"@id\":\"https:\/\/www.alerionavocats.com\/#website\",\"url\":\"https:\/\/www.alerionavocats.com\/\",\"name\":\"Alerion Avocats Paris\",\"description\":\"Alerion Avocats Paris\",\"potentialAction\":[{\"@type\":\"SearchAction\",\"target\":{\"@type\":\"EntryPoint\",\"urlTemplate\":\"https:\/\/www.alerionavocats.com\/?s={search_term_string}\"},\"query-input\":{\"@type\":\"PropertyValueSpecification\",\"valueRequired\":true,\"valueName\":\"search_term_string\"}}],\"inLanguage\":\"de\"}]}<\/script>\n<!-- \/ Yoast SEO plugin. -->","yoast_head_json":{"title":"karriere - Alerion Avocats Paris","robots":{"index":"index","follow":"follow","max-snippet":"max-snippet:-1","max-image-preview":"max-image-preview:large","max-video-preview":"max-video-preview:-1"},"canonical":"https:\/\/www.alerionavocats.com\/de\/karriere\/","og_locale":"de_DE","og_type":"article","og_title":"karriere - Alerion Avocats Paris","og_description":"Kommen Sie zu Alerion Wir von Alerion sind stets auf der Suche nach neuen Talenten, um unsere Kompetenzen breiter zu f\u00e4chern und unsere Teams zu verst\u00e4rken. Ob Sie Studierende oder junge Hochschulabsolventen sind, oder ob Sie solide Erfahrungen vorweisen k\u00f6nnen: Kommen Sie zu Alerion und werden Sie Teil unseres Teams!","og_url":"https:\/\/www.alerionavocats.com\/de\/karriere\/","og_site_name":"Alerion Avocats Paris","article_modified_time":"2020-01-16T10:58:18+00:00","twitter_card":"summary_large_image","schema":{"@context":"https:\/\/schema.org","@graph":[{"@type":"WebPage","@id":"https:\/\/www.alerionavocats.com\/de\/karriere\/","url":"https:\/\/www.alerionavocats.com\/de\/karriere\/","name":"karriere - Alerion Avocats Paris","isPartOf":{"@id":"https:\/\/www.alerionavocats.com\/#website"},"datePublished":"2019-09-26T13:02:37+00:00","dateModified":"2020-01-16T10:58:18+00:00","breadcrumb":{"@id":"https:\/\/www.alerionavocats.com\/de\/karriere\/#breadcrumb"},"inLanguage":"de","potentialAction":[{"@type":"ReadAction","target":["https:\/\/www.alerionavocats.com\/de\/karriere\/"]}]},{"@type":"BreadcrumbList","@id":"https:\/\/www.alerionavocats.com\/de\/karriere\/#breadcrumb","itemListElement":[{"@type":"ListItem","position":1,"name":"Home","item":"https:\/\/www.alerionavocats.com\/de\/"},{"@type":"ListItem","position":2,"name":"karriere"}]},{"@type":"WebSite","@id":"https:\/\/www.alerionavocats.com\/#website","url":"https:\/\/www.alerionavocats.com\/","name":"Alerion Avocats Paris","description":"Alerion Avocats Paris","potentialAction":[{"@type":"SearchAction","target":{"@type":"EntryPoint","urlTemplate":"https:\/\/www.alerionavocats.com\/?s={search_term_string}"},"query-input":{"@type":"PropertyValueSpecification","valueRequired":true,"valueName":"search_term_string"}}],"inLanguage":"de"}]}},"_links":{"self":[{"href":"https:\/\/www.alerionavocats.com\/de\/wp-json\/wp\/v2\/pages\/839","targetHints":{"allow":["GET"]}}],"collection":[{"href":"https:\/\/www.alerionavocats.com\/de\/wp-json\/wp\/v2\/pages"}],"about":[{"href":"https:\/\/www.alerionavocats.com\/de\/wp-json\/wp\/v2\/types\/page"}],"author":[{"embeddable":true,"href":"https:\/\/www.alerionavocats.com\/de\/wp-json\/wp\/v2\/users\/6"}],"replies":[{"embeddable":true,"href":"https:\/\/www.alerionavocats.com\/de\/wp-json\/wp\/v2\/comments?post=839"}],"version-history":[{"count":9,"href":"https:\/\/www.alerionavocats.com\/de\/wp-json\/wp\/v2\/pages\/839\/revisions"}],"predecessor-version":[{"id":4267,"href":"https:\/\/www.alerionavocats.com\/de\/wp-json\/wp\/v2\/pages\/839\/revisions\/4267"}],"wp:attachment":[{"href":"https:\/\/www.alerionavocats.com\/de\/wp-json\/wp\/v2\/media?parent=839"}],"curies":[{"name":"wp","href":"https:\/\/api.w.org\/{rel}","templated":true}]}}